{"id":2646,"date":"2023-12-25T11:25:41","date_gmt":"2023-12-25T11:25:41","guid":{"rendered":"https:\/\/telecasta.com\/?post_type=product&#038;p=2646"},"modified":"2025-08-05T21:08:25","modified_gmt":"2025-08-05T21:08:25","slug":"forfait-iptv-12-mois-2-appareils","status":"publish","type":"product","link":"https:\/\/streamingnordic.com\/iptv-france\/produit\/forfait-iptv-12-mois-2-appareils\/","title":{"rendered":"Forfait IPTV Premium \u2013 12 mois \u2013 2 appareils"},"content":{"rendered":"<div class=\"fusion-fullwidth fullwidth-box nonhundred-percent-fullwidth non-hundred-percent-height-scrolling\">\n<div class=\"fusion-builder-row fusion-row\">\n<div class=\"fusion-layout-column fusion_builder_column fusion_builder_column_1_1 fusion-one-full fusion-column-first fusion-column-last 1_1\">\n<div class=\"fusion-column-wrapper\" data-bg-url=\"\">\n<div class=\"fusion-title title fusion-title-center fusion-title-size-two\">\n<div class=\"title-sep-container title-sep-container-left\">\n<div class=\"fusion-fullwidth fullwidth-box nonhundred-percent-fullwidth non-hundred-percent-height-scrolling\">\n<div class=\"fusion-builder-row fusion-row\">\n<div class=\"fusion-layout-column fusion_builder_column fusion_builder_column_1_1 fusion-one-full fusion-column-first fusion-column-last 1_1\">\n<div class=\"fusion-column-wrapper\" data-bg-url=\"\">\n<div class=\"fusion-title title fusion-title-center fusion-title-size-two\">\n<div class=\"title-sep-container title-sep-container-left\">\n<div class=\"fusion-fullwidth fullwidth-box nonhundred-percent-fullwidth non-hundred-percent-height-scrolling\">\n<div class=\"fusion-builder-row fusion-row\">\n<div class=\"fusion-layout-column fusion_builder_column fusion_builder_column_1_1 fusion-one-full fusion-column-first fusion-column-last 1_1\">\n<div class=\"fusion-column-wrapper\" data-bg-url=\"\">\n<div class=\"fusion-title title fusion-title-center fusion-title-size-two\">\n<div class=\"title-sep-container title-sep-container-left\">\n<div class=\"fusion-fullwidth fullwidth-box nonhundred-percent-fullwidth non-hundred-percent-height-scrolling\">\n<div class=\"fusion-builder-row fusion-row\">\n<div class=\"fusion-layout-column fusion_builder_column fusion_builder_column_1_1 fusion-one-full fusion-column-first fusion-column-last 1_1\">\n<div class=\"fusion-column-wrapper\" data-bg-url=\"\">\n<div class=\"fusion-title title fusion-title-center fusion-title-size-two\">\n<div class=\"title-sep-container title-sep-container-left\">\n<ul class=\"elementor-icon-list-items\">\n<li class=\"elementor-icon-list-item\"><span class=\"elementor-icon-list-text\">2 \u00e9crans \u2013 2 connexions<\/span><\/li>\n<li class=\"elementor-icon-list-item\"><i class=\"icon icon-play-button1\" aria-hidden=\"true\"><\/i><span class=\"elementor-icon-list-text\">Activation gratuite de Vu Player Pro<\/span><\/li>\n<li class=\"elementor-icon-list-item\"><i class=\"icomoon icomoon-tv\" aria-hidden=\"true\"><\/i><span class=\"elementor-icon-list-text\">Plus de 30 000 cha\u00eenes de t\u00e9l\u00e9vision<\/span><\/li>\n<li class=\"elementor-icon-list-item\"><i class=\"icomoon icomoon-film\" aria-hidden=\"true\"><\/i><span class=\"elementor-icon-list-text\">Plus de 200 000 films et s\u00e9ries<\/span><\/li>\n<li class=\"elementor-icon-list-item\"><i class=\"mdi mdi-video-4k-box\" aria-hidden=\"true\"><\/i><span class=\"elementor-icon-list-text\">Qualit\u00e9 d&#039;image HD\/HEVC\/4K<\/span><\/li>\n<li class=\"elementor-icon-list-item\"><span class=\"elementor-icon-list-text\">Sous-titres<\/span><\/li>\n<li class=\"elementor-icon-list-item\"><i class=\"icomoon_brands icomoon_brands-dolby\" aria-hidden=\"true\"><\/i><span class=\"elementor-icon-list-text\">Son Dolby 5.1<\/span><\/li>\n<li class=\"elementor-icon-list-item\"><i class=\"mdi mdi-security\" aria-hidden=\"true\"><\/i><span class=\"elementor-icon-list-text\">VPN int\u00e9gr\u00e9 pour une s\u00e9curit\u00e9 compl\u00e8te<\/span><\/li>\n<li class=\"elementor-icon-list-item\"><i class=\"mdi mdi-replay\" aria-hidden=\"true\"><\/i><span class=\"elementor-icon-list-text\">Rattrapage (Replay) jusqu&#039;\u00e0 4 jours en arri\u00e8re<\/span><\/li>\n<li class=\"elementor-icon-list-item\"><span class=\"elementor-icon-list-text\">Contenu XXX\/18+\/Adulte<\/span><\/li>\n<li class=\"elementor-icon-list-item\"><i class=\"icofont icofont-football-alt\" aria-hidden=\"true\"><\/i><span class=\"elementor-icon-list-text\">ViaPlay, TV2, TV3, D\u00e9couverte+..<\/span><\/li>\n<\/ul>\n<\/div>\n<\/div>\n<\/div>\n<\/div>\n<\/div>\n<\/div>\n<\/div>\n<\/div>\n<\/div>\n<\/div>\n<\/div>\n<\/div>\n<\/div>\n<\/div>\n<\/div>\n<\/div>\n<\/div>\n<\/div>\n<\/div>\n<\/div>\n<\/div>\n<\/div>\n<\/div>\n<\/div>","protected":false},"excerpt":{"rendered":"<p>Acc\u00e8s de 12 mois \u00e0 notre abonnement IPTV Premium<\/p>","protected":false},"featured_media":0,"template":"","meta":{"_glsr_average":0,"_glsr_ranking":0,"_glsr_reviews":0},"product_brand":[],"product_cat":[21],"product_tag":[],"class_list":{"0":"post-2646","1":"product","2":"type-product","3":"status-publish","5":"product_cat-iptv-subscription","7":"first","8":"instock","9":"virtual","10":"purchasable","11":"product-type-simple"},"_links":{"self":[{"href":"https:\/\/streamingnordic.com\/iptv-france\/wp-json\/wp\/v2\/product\/2646","targetHints":{"allow":["GET"]}}],"collection":[{"href":"https:\/\/streamingnordic.com\/iptv-france\/wp-json\/wp\/v2\/product"}],"about":[{"href":"https:\/\/streamingnordic.com\/iptv-france\/wp-json\/wp\/v2\/types\/product"}],"wp:attachment":[{"href":"https:\/\/streamingnordic.com\/iptv-france\/wp-json\/wp\/v2\/media?parent=2646"}],"wp:term":[{"taxonomy":"product_brand","embeddable":true,"href":"https:\/\/streamingnordic.com\/iptv-france\/wp-json\/wp\/v2\/product_brand?post=2646"},{"taxonomy":"product_cat","embeddable":true,"href":"https:\/\/streamingnordic.com\/iptv-france\/wp-json\/wp\/v2\/product_cat?post=2646"},{"taxonomy":"product_tag","embeddable":true,"href":"https:\/\/streamingnordic.com\/iptv-france\/wp-json\/wp\/v2\/product_tag?post=2646"}],"curies":[{"name":"wp","href":"https:\/\/api.w.org\/{rel}","templated":true}]}}