{"id":2916,"date":"2024-06-23T14:13:59","date_gmt":"2024-06-23T14:13:59","guid":{"rendered":"https:\/\/iptv-tv.se\/?page_id=2916"},"modified":"2026-02-18T06:41:10","modified_gmt":"2026-02-18T06:41:10","slug":"takk","status":"publish","type":"page","link":"https:\/\/streamingnordic.com\/iptv-norge\/takk\/","title":{"rendered":"Takk deg"},"content":{"rendered":"<div data-elementor-type=\"wp-page\" data-elementor-id=\"2916\" class=\"elementor elementor-2916\" data-elementor-post-type=\"page\">\n\t\t\t\t\t\t<section class=\"elementor-section elementor-top-section elementor-element elementor-element-ead2b60 elementor-reverse-mobile elementor-section-boxed elementor-section-height-default elementor-section-height-default\" data-id=\"ead2b60\" data-element_type=\"section\" data-e-type=\"section\" data-settings=\"{&quot;background_background&quot;:&quot;gradient&quot;}\">\n\t\t\t\t\t\t\t<div class=\"elementor-background-overlay\"><\/div>\n\t\t\t\t\t\t\t<div class=\"elementor-container elementor-column-gap-default\">\n\t\t\t\t\t<div class=\"elementor-column elementor-col-100 elementor-top-column elementor-element elementor-element-10eb9cb\" data-id=\"10eb9cb\" data-element_type=\"column\" data-e-type=\"column\">\n\t\t\t<div class=\"elementor-widget-wrap elementor-element-populated\">\n\t\t\t\t\t\t<div class=\"elementor-element elementor-element-c7db132 elementor-view-default elementor-widget elementor-widget-icon\" data-id=\"c7db132\" data-element_type=\"widget\" data-e-type=\"widget\" data-widget_type=\"icon.default\">\n\t\t\t\t<div class=\"elementor-widget-container\">\n\t\t\t\t\t\t\t<div class=\"elementor-icon-wrapper\">\n\t\t\t<div class=\"elementor-icon\">\n\t\t\t<svg aria-hidden=\"true\" class=\"e-font-icon-svg e-fas-check-circle\" viewbox=\"0 0 512 512\" xmlns=\"http:\/\/www.w3.org\/2000\/svg\"><path d=\"M504 256c0 136.967-111.033 248-248 248S8 392.967 8 256 119.033 8 256 8s248 111.033 248 248zM227.314 387.314l184-184c6.248-6.248 6.248-16.379 0-22.627l-22.627-22.627c-6.248-6.249-16.379-6.249-22.628 0L216 308.118l-70.059-70.059c-6.248-6.248-16.379-6.248-22.628 0l-22.627 22.627c-6.248 6.248-6.248 16.379 0 22.627l104 104c6.249 6.249 16.379 6.249 22.628.001z\"><\/path><\/svg>\t\t\t<\/div>\n\t\t<\/div>\n\t\t\t\t\t\t<\/div>\n\t\t\t\t<\/div>\n\t\t\t\t<div class=\"elementor-element elementor-element-441e740 elementor-widget elementor-widget-heading\" data-id=\"441e740\" data-element_type=\"widget\" data-e-type=\"widget\" data-widget_type=\"heading.default\">\n\t\t\t\t<div class=\"elementor-widget-container\">\n\t\t\t\t\t<h2 class=\"elementor-heading-title elementor-size-default\">Takk skal du ha!<\/h2>\t\t\t\t<\/div>\n\t\t\t\t<\/div>\n\t\t\t\t\t<\/div>\n\t\t<\/div>\n\t\t\t\t\t<\/div>\n\t\t<\/section>\n\t\t\t\t<section class=\"elementor-section elementor-top-section elementor-element elementor-element-62e93f1 elementor-section-boxed elementor-section-height-default elementor-section-height-default\" data-id=\"62e93f1\" data-element_type=\"section\" data-e-type=\"section\">\n\t\t\t\t\t\t<div class=\"elementor-container elementor-column-gap-default\">\n\t\t\t\t\t<div class=\"elementor-column elementor-col-100 elementor-top-column elementor-element elementor-element-6817e04\" data-id=\"6817e04\" data-element_type=\"column\" data-e-type=\"column\">\n\t\t\t<div class=\"elementor-widget-wrap elementor-element-populated\">\n\t\t\t\t\t\t<div class=\"elementor-element elementor-element-4d95908 elementor-widget elementor-widget-heading\" data-id=\"4d95908\" data-element_type=\"widget\" data-e-type=\"widget\" data-widget_type=\"heading.default\">\n\t\t\t\t<div class=\"elementor-widget-container\">\n\t\t\t\t\t<h3 class=\"elementor-heading-title elementor-size-default\">Betalingen din har blitt behandlet.<\/h3>\t\t\t\t<\/div>\n\t\t\t\t<\/div>\n\t\t\t\t<div class=\"elementor-element elementor-element-1528dde elementor-widget elementor-widget-text-editor\" data-id=\"1528dde\" data-element_type=\"widget\" data-e-type=\"widget\" data-widget_type=\"text-editor.default\">\n\t\t\t\t<div class=\"elementor-widget-container\">\n\t\t\t\t\t\t\t\t\t<p>Dine p\u00e5loggingsdetaljer vil bli sendt til din e-post innen maksimalt 2 timer. Vennligst sjekk b\u00e5de spam- og innboksmappen din. Hvis det har g\u00e5tt 2 timer og du ikke har mottatt p\u00e5loggingsdetaljene, vennligst ta kontakt med oss via Live Chat eller e-post. Vi er her for \u00e5 hjelpe deg.<\/p>\t\t\t\t\t\t\t\t<\/div>\n\t\t\t\t<\/div>\n\t\t\t\t\t<\/div>\n\t\t<\/div>\n\t\t\t\t\t<\/div>\n\t\t<\/section>\n\t\t\t\t<\/div>","protected":false},"excerpt":{"rendered":"<p>&nbsp; Thank you! Your Payment Has Been Successfully Processed. Your login details will be sent to your email within a maximum of 2 hours. Please check both your spam and inbox folders. If 2 hours have passed and you have not received the login details, kindly reach out to us via Live Chat, or email. [&hellip;]<\/p>\n","protected":false},"author":1,"featured_media":0,"parent":0,"menu_order":0,"comment_status":"closed","ping_status":"closed","template":"elementor_header_footer","meta":{"_glsr_average":0,"_glsr_ranking":0,"_glsr_reviews":0,"footnotes":""},"class_list":["post-2916","page","type-page","status-publish","hentry"],"_links":{"self":[{"href":"https:\/\/streamingnordic.com\/iptv-norge\/wp-json\/wp\/v2\/pages\/2916","targetHints":{"allow":["GET"]}}],"collection":[{"href":"https:\/\/streamingnordic.com\/iptv-norge\/wp-json\/wp\/v2\/pages"}],"about":[{"href":"https:\/\/streamingnordic.com\/iptv-norge\/wp-json\/wp\/v2\/types\/page"}],"author":[{"embeddable":true,"href":"https:\/\/streamingnordic.com\/iptv-norge\/wp-json\/wp\/v2\/users\/1"}],"replies":[{"embeddable":true,"href":"https:\/\/streamingnordic.com\/iptv-norge\/wp-json\/wp\/v2\/comments?post=2916"}],"version-history":[{"count":1,"href":"https:\/\/streamingnordic.com\/iptv-norge\/wp-json\/wp\/v2\/pages\/2916\/revisions"}],"predecessor-version":[{"id":5539,"href":"https:\/\/streamingnordic.com\/iptv-norge\/wp-json\/wp\/v2\/pages\/2916\/revisions\/5539"}],"wp:attachment":[{"href":"https:\/\/streamingnordic.com\/iptv-norge\/wp-json\/wp\/v2\/media?parent=2916"}],"curies":[{"name":"wp","href":"https:\/\/api.w.org\/{rel}","templated":true}]}}