{"id":3504,"date":"2024-08-09T14:31:02","date_gmt":"2024-08-09T14:31:02","guid":{"rendered":"https:\/\/iptv-tv.se\/?page_id=3504"},"modified":"2025-07-02T13:01:42","modified_gmt":"2025-07-02T13:01:42","slug":"termos-de-uso","status":"publish","type":"page","link":"https:\/\/streamingnordic.com\/iptv-portugal\/termos-de-uso\/","title":{"rendered":"Termos de Uso"},"content":{"rendered":"<div data-elementor-type=\"wp-page\" data-elementor-id=\"3504\" class=\"elementor elementor-3504\">\n\t\t\t\t\t\t<section class=\"elementor-section elementor-top-section elementor-element elementor-element-68d32c6 elementor-reverse-mobile elementor-section-boxed elementor-section-height-default elementor-section-height-default\" data-id=\"68d32c6\" data-element_type=\"section\" data-e-type=\"section\" data-settings=\"{&quot;background_background&quot;:&quot;gradient&quot;}\">\n\t\t\t\t\t\t\t<div class=\"elementor-background-overlay\"><\/div>\n\t\t\t\t\t\t\t<div class=\"elementor-container elementor-column-gap-default\">\n\t\t\t\t\t<div class=\"elementor-column elementor-col-100 elementor-top-column elementor-element elementor-element-6265d84\" data-id=\"6265d84\" data-element_type=\"column\" data-e-type=\"column\">\n\t\t\t<div class=\"elementor-widget-wrap elementor-element-populated\">\n\t\t\t\t\t\t<div class=\"elementor-element elementor-element-26539bb elementor-widget elementor-widget-text-editor\" data-id=\"26539bb\" data-element_type=\"widget\" data-e-type=\"widget\" data-widget_type=\"text-editor.default\">\n\t\t\t\t<div class=\"elementor-widget-container\">\n\t\t\t\t\t\t\t\t\t<p>Inspirado no mundo, criado para voc\u00ea<\/p>\t\t\t\t\t\t\t\t<\/div>\n\t\t\t\t<\/div>\n\t\t\t\t<div class=\"elementor-element elementor-element-b86e0c0 elementor-align-center elementor-widget__width-auto elementor-icon-list--layout-traditional elementor-list-item-link-full_width elementor-widget elementor-widget-icon-list\" data-id=\"b86e0c0\" data-element_type=\"widget\" data-e-type=\"widget\" data-widget_type=\"icon-list.default\">\n\t\t\t\t<div class=\"elementor-widget-container\">\n\t\t\t\t\t\t\t<ul class=\"elementor-icon-list-items\">\n\t\t\t\t\t\t\t<li class=\"elementor-icon-list-item\">\n\t\t\t\t\t\t\t\t\t\t<span class=\"elementor-icon-list-text\">Lar \/ <\/span>\n\t\t\t\t\t\t\t\t\t<\/li>\n\t\t\t\t\t\t<\/ul>\n\t\t\t\t\t\t<\/div>\n\t\t\t\t<\/div>\n\t\t\t\t<div class=\"elementor-element elementor-element-b8614e4 elementor-align-center elementor-widget__width-auto elementor-icon-list--layout-traditional elementor-list-item-link-full_width elementor-widget elementor-widget-icon-list\" data-id=\"b8614e4\" data-element_type=\"widget\" data-e-type=\"widget\" data-widget_type=\"icon-list.default\">\n\t\t\t\t<div class=\"elementor-widget-container\">\n\t\t\t\t\t\t\t<ul class=\"elementor-icon-list-items\">\n\t\t\t\t\t\t\t<li class=\"elementor-icon-list-item\">\n\t\t\t\t\t\t\t\t\t\t<span class=\"elementor-icon-list-text\"><\/span>\n\t\t\t\t\t\t\t\t\t<\/li>\n\t\t\t\t\t\t<\/ul>\n\t\t\t\t\t\t<\/div>\n\t\t\t\t<\/div>\n\t\t\t\t\t<\/div>\n\t\t<\/div>\n\t\t\t\t\t<\/div>\n\t\t<\/section>\n\t\t<div class=\"elementor-element elementor-element-4523e3dd e-flex e-con-boxed e-con e-parent\" data-id=\"4523e3dd\" data-element_type=\"container\" data-e-type=\"container\">\n\t\t\t\t\t<div class=\"e-con-inner\">\n\t\t\t\t<div class=\"elementor-element elementor-element-fa2a2b8 elementor-widget elementor-widget-spacer\" data-id=\"fa2a2b8\" data-element_type=\"widget\" data-e-type=\"widget\" data-widget_type=\"spacer.default\">\n\t\t\t\t<div class=\"elementor-widget-container\">\n\t\t\t\t\t\t\t<div class=\"elementor-spacer\">\n\t\t\t<div class=\"elementor-spacer-inner\"><\/div>\n\t\t<\/div>\n\t\t\t\t\t\t<\/div>\n\t\t\t\t<\/div>\n\t\t\t\t<div class=\"elementor-element elementor-element-6062dee9 elementor-widget elementor-widget-text-editor\" data-id=\"6062dee9\" data-element_type=\"widget\" data-e-type=\"widget\" data-widget_type=\"text-editor.default\">\n\t\t\t\t<div class=\"elementor-widget-container\">\n\t\t\t\t\t\t\t\t\t\n<p class=\"p1\">Ao visitar nosso site e\/ou comprar algo conosco, voc\u00ea est\u00e1 utilizando nosso \u201cServi\u00e7o\u201d e concorda em obedecer aos seguintes termos e condi\u00e7\u00f5es (\u201cTermos de Servi\u00e7o\u201d, \u201cTermos\u201d), incluindo quaisquer termos, condi\u00e7\u00f5es e pol\u00edticas adicionais referenciados aqui e\/ou dispon\u00edveis por meio de hiperlink. Estes Termos de Servi\u00e7o se aplicam a todos os usu\u00e1rios do site, incluindo, entre outros, navegadores, fornecedores, clientes, comerciantes e\/ou contribuidores de conte\u00fado.<\/p>\n<p class=\"p1\">Leia estes Termos de Uso atentamente antes de acessar ou utilizar nosso site. Ao acessar ou utilizar qualquer parte do site, voc\u00ea concorda em se comprometer com estes Termos de Servi\u00e7o. Caso n\u00e3o concorde com todos os termos e condi\u00e7\u00f5es deste contrato, voc\u00ea n\u00e3o poder\u00e1 acessar o site nem utilizar quaisquer servi\u00e7os. Se estes Termos de Uso forem considerados uma oferta, a aceita\u00e7\u00e3o fica expressamente limitada a estes Termos de Uso.<\/p>\n<p class=\"p3\"><b>SE\u00c7\u00c3O 1 \u2013 TERMOS DA LOJA ONLINE<\/b><\/p>\n<p class=\"p1\">Ao concordar com estes Termos de Servi\u00e7o, voc\u00ea confirma que tem pelo menos a maioridade em seu estado ou prov\u00edncia de resid\u00eancia ou que tem a maioridade em seu estado ou prov\u00edncia de resid\u00eancia e nos deu seu consentimento para permitir que qualquer um de seus dependentes menores use este site.<\/p>\n<p class=\"p1\">Voc\u00ea n\u00e3o pode usar nossos produtos para nenhuma finalidade ilegal ou n\u00e3o autorizada, nem pode, ao usar o Servi\u00e7o, violar quaisquer leis em sua jurisdi\u00e7\u00e3o (incluindo, mas n\u00e3o se limitando a, leis de direitos autorais).<\/p>\n<p class=\"p1\">Voc\u00ea n\u00e3o deve transmitir nenhum worm, v\u00edrus ou qualquer c\u00f3digo de natureza destrutiva.<\/p>\n<p class=\"p1\">Uma viola\u00e7\u00e3o ou descumprimento de qualquer um dos Termos resultar\u00e1 no encerramento imediato dos seus Servi\u00e7os.<\/p>\n<p class=\"p3\"><b>SE\u00c7\u00c3O 2 \u2013 CONDI\u00c7\u00d5ES GERAIS<\/b><\/p>\n<p class=\"p1\">Reservamo-nos o direito de recusar o servi\u00e7o a qualquer pessoa, por qualquer motivo e a qualquer momento.<\/p>\n<p class=\"p1\">Voc\u00ea entende que seu conte\u00fado (excluindo informa\u00e7\u00f5es de cart\u00e3o de cr\u00e9dito) pode ser transferido sem criptografia e envolver (a) transmiss\u00f5es por diversas redes; e (b) altera\u00e7\u00f5es para se adequar e se adaptar aos requisitos t\u00e9cnicos de conex\u00e3o de redes ou dispositivos. As informa\u00e7\u00f5es de cart\u00e3o de cr\u00e9dito s\u00e3o sempre criptografadas durante a transmiss\u00e3o pelas redes.<\/p>\n<p class=\"p1\">Voc\u00ea concorda em n\u00e3o reproduzir, duplicar, copiar, revender ou explorar qualquer parte do Servi\u00e7o, uso do Servi\u00e7o ou acesso ao Servi\u00e7o ou qualquer contato no site por meio do qual o servi\u00e7o \u00e9 fornecido, sem nossa permiss\u00e3o expressa por escrito.<\/p>\n<p class=\"p1\">Os t\u00edtulos usados neste contrato s\u00e3o inclu\u00eddos apenas por conveni\u00eancia e n\u00e3o limitar\u00e3o ou afetar\u00e3o estes Termos.<\/p>\n<p class=\"p3\"><b>SE\u00c7\u00c3O 3 \u2013 PRECIS\u00c3O, INTEGRIDADE E ATUALIZA\u00c7\u00c3O DAS INFORMA\u00c7\u00d5ES<\/b><\/p>\n<p class=\"p1\">N\u00e3o nos responsabilizamos por informa\u00e7\u00f5es disponibilizadas neste site que n\u00e3o sejam precisas, completas ou atuais. O material neste site \u00e9 fornecido apenas para fins informativos gerais e n\u00e3o deve ser usado como \u00fanica base para a tomada de decis\u00f5es sem consultar fontes de informa\u00e7\u00e3o prim\u00e1rias, mais precisas, mais completas ou mais atuais. Qualquer utiliza\u00e7\u00e3o do material neste site \u00e9 por sua conta e risco.<\/p>\n<p class=\"p1\">Este site pode conter certas informa\u00e7\u00f5es hist\u00f3ricas. As informa\u00e7\u00f5es hist\u00f3ricas n\u00e3o s\u00e3o necessariamente atuais e s\u00e3o fornecidas apenas para sua refer\u00eancia. Reservamo-nos o direito de modificar o conte\u00fado deste site a qualquer momento, mas n\u00e3o temos obriga\u00e7\u00e3o de atualizar nenhuma informa\u00e7\u00e3o em nosso site. Voc\u00ea concorda que \u00e9 sua responsabilidade monitorar as altera\u00e7\u00f5es em nosso site.<\/p>\n<p class=\"p3\"><b>SE\u00c7\u00c3O 4 \u2013 ALTERA\u00c7\u00d5ES NO SERVI\u00c7O E PRE\u00c7OS<\/b><\/p>\n<p class=\"p1\">Os pre\u00e7os dos nossos produtos est\u00e3o sujeitos a altera\u00e7\u00f5es sem aviso pr\u00e9vio.<\/p>\n<p class=\"p1\">Reservamo-nos o direito de modificar ou descontinuar o Servi\u00e7o (ou qualquer parte ou conte\u00fado dele) sem aviso pr\u00e9vio a qualquer momento.<\/p>\n<p class=\"p1\">N\u00e3o seremos respons\u00e1veis perante voc\u00ea ou qualquer terceiro por qualquer modifica\u00e7\u00e3o, altera\u00e7\u00e3o de pre\u00e7o, suspens\u00e3o ou descontinua\u00e7\u00e3o do Servi\u00e7o.<\/p>\n<p class=\"p3\"><b>SE\u00c7\u00c3O 5 \u2013 PRODUTOS OU SERVI\u00c7OS (se aplic\u00e1vel)<\/b><\/p>\n<p class=\"p1\">Certos produtos ou servi\u00e7os podem estar dispon\u00edveis exclusivamente online atrav\u00e9s do site. Esses produtos ou servi\u00e7os podem ter quantidades limitadas e est\u00e3o sujeitos apenas \u00e0 devolu\u00e7\u00e3o ou troca, de acordo com nossa Pol\u00edtica de Reembolso.<\/p>\n<p class=\"p1\">Fizemos todos os esfor\u00e7os para exibir com a maior precis\u00e3o poss\u00edvel as cores e imagens dos nossos produtos exibidos na loja. N\u00e3o podemos garantir que a exibi\u00e7\u00e3o de qualquer cor no monitor do seu computador seja precisa.<\/p>\n<p class=\"p1\">Reservamo-nos o direito, mas n\u00e3o somos obrigados, a limitar as vendas de nossos produtos ou Servi\u00e7os a qualquer pessoa, regi\u00e3o geogr\u00e1fica ou jurisdi\u00e7\u00e3o. Podemos exercer esse direito caso a caso. Reservamo-nos o direito de limitar as quantidades de quaisquer produtos ou servi\u00e7os que oferecemos. Todas as descri\u00e7\u00f5es de produtos ou pre\u00e7os de produtos est\u00e3o sujeitos a altera\u00e7\u00f5es a qualquer momento, sem aviso pr\u00e9vio, a nosso exclusivo crit\u00e9rio. Reservamo-nos o direito de descontinuar qualquer produto a qualquer momento. Qualquer oferta de qualquer produto ou servi\u00e7o feita neste site \u00e9 nula onde for proibida.<\/p>\n<p class=\"p1\">N\u00e3o garantimos que a qualidade de quaisquer produtos, servi\u00e7os, informa\u00e7\u00f5es ou outros materiais comprados ou obtidos por voc\u00ea atender\u00e3o \u00e0s suas expectativas, ou que quaisquer erros no Servi\u00e7o ser\u00e3o corrigidos.<\/p>\n<p class=\"p3\"><b>SE\u00c7\u00c3O 6 \u2013 FERRAMENTAS OPCIONAIS<\/b><\/p>\n<p class=\"p1\">Podemos fornecer a voc\u00ea acesso a ferramentas de terceiros sobre as quais n\u00e3o monitoramos nem temos qualquer controle ou contribui\u00e7\u00e3o.<\/p>\n<p class=\"p1\">Voc\u00ea reconhece e concorda que fornecemos acesso a tais ferramentas &quot;no estado em que se encontram&quot; e &quot;conforme dispon\u00edveis&quot;, sem quaisquer garantias, representa\u00e7\u00f5es ou condi\u00e7\u00f5es de qualquer tipo e sem qualquer endosso. N\u00e3o teremos qualquer responsabilidade decorrente ou relacionada ao seu uso de ferramentas opcionais de terceiros.<\/p>\n<p class=\"p1\">Qualquer uso de ferramentas opcionais oferecidas pelo site \u00e9 inteiramente por sua conta e risco, e voc\u00ea deve garantir que est\u00e1 familiarizado e aprova os termos em que as ferramentas s\u00e3o fornecidas pelo(s) provedor(es) terceirizado(s) relevante(s).<\/p>\n<p class=\"p1\">Tamb\u00e9m poderemos, no futuro, oferecer novos servi\u00e7os e\/ou recursos por meio do site (incluindo o lan\u00e7amento de novas ferramentas e recursos). Tais novos recursos e\/ou servi\u00e7os tamb\u00e9m estar\u00e3o sujeitos a estes Termos de Uso.<\/p>\n<p class=\"p3\"><b>SE\u00c7\u00c3O 7 \u2013 COMENT\u00c1RIOS, FEEDBACK E OUTRAS CONTRIBUI\u00c7\u00d5ES DO USU\u00c1RIO<\/b><\/p>\n<p class=\"p1\">Se, a nosso pedido, voc\u00ea enviar contribui\u00e7\u00f5es espec\u00edficas (por exemplo, inscri\u00e7\u00f5es em concursos) ou, sem um pedido nosso, enviar ideias criativas, sugest\u00f5es, propostas, planos ou outros materiais, seja online, por e-mail, por correio ou de outra forma (coletivamente, &quot;Coment\u00e1rios&quot;), voc\u00ea concorda que podemos, a qualquer momento, sem restri\u00e7\u00f5es, editar, copiar, publicar, distribuir, traduzir e de outra forma usar em qualquer meio quaisquer coment\u00e1rios que voc\u00ea nos encaminhar. N\u00e3o temos e n\u00e3o teremos nenhuma obriga\u00e7\u00e3o de (1) manter quaisquer Coment\u00e1rios em sigilo; (2) pagar uma compensa\u00e7\u00e3o por quaisquer coment\u00e1rios; ou (3) responder a quaisquer coment\u00e1rios.<\/p>\n<p class=\"p1\">Podemos, mas n\u00e3o temos obriga\u00e7\u00e3o de, monitorar, editar ou remover conte\u00fado que determinarmos, a nosso exclusivo crit\u00e9rio, ser ilegal, ofensivo, amea\u00e7ador, calunioso, difamat\u00f3rio, pornogr\u00e1fico, obsceno ou de outra forma question\u00e1vel ou que viole a propriedade intelectual de terceiros ou estes Termos de Servi\u00e7o.<\/p>\n<p class=\"p1\">Voc\u00ea concorda que seus coment\u00e1rios n\u00e3o violar\u00e3o quaisquer direitos de terceiros, incluindo direitos autorais, marcas registradas, privacidade, personalidade ou outros direitos pessoais ou de propriedade. Voc\u00ea tamb\u00e9m concorda que seus coment\u00e1rios n\u00e3o conter\u00e3o material difamat\u00f3rio ou de outra forma ilegal, abusivo ou obsceno, nem conter\u00e3o qualquer v\u00edrus de computador ou outro malware que possa de alguma forma afetar a opera\u00e7\u00e3o do Servi\u00e7o ou de qualquer site relacionado. Voc\u00ea n\u00e3o pode usar um endere\u00e7o de e-mail falso, fingir ser outra pessoa ou, de qualquer forma, enganar a n\u00f3s ou a terceiros quanto \u00e0 origem de quaisquer coment\u00e1rios. Voc\u00ea \u00e9 o \u00fanico respons\u00e1vel por quaisquer coment\u00e1rios que fizer e por sua veracidade. N\u00e3o assumimos qualquer responsabilidade por quaisquer coment\u00e1rios publicados por voc\u00ea ou por terceiros.<\/p>\n<p>\u00a0<\/p>\n<p class=\"p3\"><b>SE\u00c7\u00c3O 8 \u2013 INFORMA\u00c7\u00d5ES PESSOAIS<\/b><\/p>\n<p class=\"p1\">O envio de suas informa\u00e7\u00f5es pessoais por meio da Loja \u00e9 regido por nossa Pol\u00edtica de Privacidade, dispon\u00edvel <a href=\"https:\/\/streamingnordic.com\/iptv-portugal\/politica-de-privacidade\/\">aqui<\/a>.<\/p>\n<p>\u00a0<\/p>\n<p class=\"p3\"><b>SE\u00c7\u00c3O 9 \u2013 LEI APLIC\u00c1VEL<\/b><\/p>\n<p class=\"p1\">Voc\u00ea pode revisar a vers\u00e3o mais atual dos Termos de Uso a qualquer momento nesta p\u00e1gina.<\/p>\n<p class=\"p1\">Reservamo-nos o direito, a nosso exclusivo crit\u00e9rio, de atualizar, alterar ou substituir qualquer parte destes Termos de Servi\u00e7o, publicando atualiza\u00e7\u00f5es e altera\u00e7\u00f5es em nosso site. \u00c9 sua responsabilidade verificar nosso site periodicamente para verificar se h\u00e1 altera\u00e7\u00f5es. Seu uso cont\u00ednuo ou acesso ao nosso site ou ao Servi\u00e7o ap\u00f3s a publica\u00e7\u00e3o de quaisquer altera\u00e7\u00f5es nestes Termos de Servi\u00e7o constitui aceita\u00e7\u00e3o dessas altera\u00e7\u00f5es.<\/p>\n<p>\u00a0<\/p>\n<p class=\"p3\"><b>SE\u00c7\u00c3O 10 \u2013 INFORMA\u00c7\u00d5ES DE CONTATO<\/b><\/p>\n<p class=\"p1\">Envie perguntas sobre os Termos de Uso para contact@streaming-nordic.com.<\/p>\n\t\t\t\t\t\t\t\t<\/div>\n\t\t\t\t<\/div>\n\t\t\t\t\t<\/div>\n\t\t\t\t<\/div>\n\t\t\t\t<\/div>","protected":false},"excerpt":{"rendered":"<p>Inspired by the world, created for you Home \/ By visiting our site and\/or purchasing something from us, you engage in our \u201cService\u201d and agree to be bound by the following terms and conditions (\u201cTerms of Service\u201d, \u201cTerms\u201d), including any additional terms, conditions, and policies referenced here and\/or available via hyperlink. These Terms of Service [&hellip;]<\/p>\n","protected":false},"author":1,"featured_media":0,"parent":0,"menu_order":0,"comment_status":"closed","ping_status":"closed","template":"elementor_header_footer","meta":{"_glsr_average":0,"_glsr_ranking":0,"_glsr_reviews":0,"footnotes":""},"class_list":["post-3504","page","type-page","status-publish","hentry"],"_links":{"self":[{"href":"https:\/\/streamingnordic.com\/iptv-portugal\/wp-json\/wp\/v2\/pages\/3504","targetHints":{"allow":["GET"]}}],"collection":[{"href":"https:\/\/streamingnordic.com\/iptv-portugal\/wp-json\/wp\/v2\/pages"}],"about":[{"href":"https:\/\/streamingnordic.com\/iptv-portugal\/wp-json\/wp\/v2\/types\/page"}],"author":[{"embeddable":true,"href":"https:\/\/streamingnordic.com\/iptv-portugal\/wp-json\/wp\/v2\/users\/1"}],"replies":[{"embeddable":true,"href":"https:\/\/streamingnordic.com\/iptv-portugal\/wp-json\/wp\/v2\/comments?post=3504"}],"version-history":[{"count":3,"href":"https:\/\/streamingnordic.com\/iptv-portugal\/wp-json\/wp\/v2\/pages\/3504\/revisions"}],"predecessor-version":[{"id":5328,"href":"https:\/\/streamingnordic.com\/iptv-portugal\/wp-json\/wp\/v2\/pages\/3504\/revisions\/5328"}],"wp:attachment":[{"href":"https:\/\/streamingnordic.com\/iptv-portugal\/wp-json\/wp\/v2\/media?parent=3504"}],"curies":[{"name":"wp","href":"https:\/\/api.w.org\/{rel}","templated":true}]}}