{"id":594,"date":"2023-03-13T16:17:56","date_gmt":"2023-03-13T16:17:56","guid":{"rendered":"https:\/\/myiptvsubs.com\/?post_type=product&#038;p=594"},"modified":"2025-08-05T20:56:34","modified_gmt":"2025-08-05T20:56:34","slug":"iptv-plan-1-manad-1-enhet","status":"publish","type":"product","link":"https:\/\/streamingnordic.com\/iptv-sverige\/produkt\/iptv-plan-1-manad-1-enhet\/","title":{"rendered":"IPTV Premium-plan \u2013 1 m\u00e5nad \u2013 1 enhet"},"content":{"rendered":"<div class=\"fusion-fullwidth fullwidth-box nonhundred-percent-fullwidth non-hundred-percent-height-scrolling\">\n<div class=\"fusion-builder-row fusion-row\">\n<div class=\"fusion-layout-column fusion_builder_column fusion_builder_column_1_1 fusion-one-full fusion-column-first fusion-column-last 1_1\">\n<div class=\"fusion-column-wrapper\" data-bg-url=\"\">\n<div class=\"fusion-title title fusion-title-center fusion-title-size-two\">\n<div class=\"title-sep-container title-sep-container-left\">\n<ul class=\"elementor-icon-list-items\">\n<li class=\"elementor-icon-list-item\"><span class=\"elementor-icon-list-text\">1 sk\u00e4rm \u2013 1 anslutning<\/span><\/li>\n<li class=\"elementor-icon-list-item\"><i class=\"icon icon-play-button1\" aria-hidden=\"true\"><\/i><span class=\"elementor-icon-list-text\">Gratis aktivering av Vu Player Pro<\/span><\/li>\n<li class=\"elementor-icon-list-item\"><i class=\"icomoon icomoon-tv\" aria-hidden=\"true\"><\/i><span class=\"elementor-icon-list-text\">30 000+ TV-kanaler<\/span><\/li>\n<li class=\"elementor-icon-list-item\"><i class=\"icomoon icomoon-film\" aria-hidden=\"true\"><\/i><span class=\"elementor-icon-list-text\">200 000+ filmer och serier<\/span><\/li>\n<li class=\"elementor-icon-list-item\"><i class=\"mdi mdi-video-4k-box\" aria-hidden=\"true\"><\/i><span class=\"elementor-icon-list-text\">HD\/HEVC\/4K-bildkvalitet<\/span><\/li>\n<li class=\"elementor-icon-list-item\"><span class=\"elementor-icon-list-text\">undertexter<\/span><\/li>\n<li class=\"elementor-icon-list-item\"><i class=\"icomoon_brands icomoon_brands-dolby\" aria-hidden=\"true\"><\/i><span class=\"elementor-icon-list-text\">5.1 Dolby-ljud<\/span><\/li>\n<li class=\"elementor-icon-list-item\"><i class=\"mdi mdi-security\" aria-hidden=\"true\"><\/i><span class=\"elementor-icon-list-text\">Inbyggd VPN f\u00f6r fullst\u00e4ndig s\u00e4kerhet<\/span><\/li>\n<li class=\"elementor-icon-list-item\"><i class=\"mdi mdi-replay\" aria-hidden=\"true\"><\/i><span class=\"elementor-icon-list-text\">Catch-Up (Replay) upp till 4 dagar sedan<\/span><\/li>\n<li class=\"elementor-icon-list-item\"><span class=\"elementor-icon-list-text\">XXX\/18+\/Vuxet inneh\u00e5ll<\/span><\/li>\n<li class=\"elementor-icon-list-item\"><i class=\"icofont icofont-football-alt\" aria-hidden=\"true\"><\/i><span class=\"elementor-icon-list-text\">ViaPlay, TV2, TV3, Discovery+..<\/span><\/li>\n<\/ul>\n<\/div>\n<\/div>\n<\/div>\n<\/div>\n<\/div>\n<\/div>","protected":false},"excerpt":{"rendered":"<p>1 m\u00e5nads tillg\u00e5ng till v\u00e5rt Premium IPTV-abonnemang<\/p>","protected":false},"featured_media":0,"template":"","meta":{"_glsr_average":0,"_glsr_ranking":0,"_glsr_reviews":0},"product_brand":[],"product_cat":[21],"product_tag":[],"class_list":{"0":"post-594","1":"product","2":"type-product","3":"status-publish","5":"product_cat-iptv-subscription","7":"first","8":"instock","9":"virtual","10":"purchasable","11":"product-type-simple"},"_links":{"self":[{"href":"https:\/\/streamingnordic.com\/iptv-sverige\/wp-json\/wp\/v2\/product\/594","targetHints":{"allow":["GET"]}}],"collection":[{"href":"https:\/\/streamingnordic.com\/iptv-sverige\/wp-json\/wp\/v2\/product"}],"about":[{"href":"https:\/\/streamingnordic.com\/iptv-sverige\/wp-json\/wp\/v2\/types\/product"}],"wp:attachment":[{"href":"https:\/\/streamingnordic.com\/iptv-sverige\/wp-json\/wp\/v2\/media?parent=594"}],"wp:term":[{"taxonomy":"product_brand","embeddable":true,"href":"https:\/\/streamingnordic.com\/iptv-sverige\/wp-json\/wp\/v2\/product_brand?post=594"},{"taxonomy":"product_cat","embeddable":true,"href":"https:\/\/streamingnordic.com\/iptv-sverige\/wp-json\/wp\/v2\/product_cat?post=594"},{"taxonomy":"product_tag","embeddable":true,"href":"https:\/\/streamingnordic.com\/iptv-sverige\/wp-json\/wp\/v2\/product_tag?post=594"}],"curies":[{"name":"wp","href":"https:\/\/api.w.org\/{rel}","templated":true}]}}